{"id":132,"date":"2024-06-10T11:08:11","date_gmt":"2024-06-10T09:08:11","guid":{"rendered":"https:\/\/quanting.org\/?page_id=132"},"modified":"2024-09-17T15:18:13","modified_gmt":"2024-09-17T13:18:13","slug":"bibliographie","status":"publish","type":"page","link":"https:\/\/quanting.org\/index.php\/bibliographie\/","title":{"rendered":"Bibliographie"},"content":{"rendered":"\n<p>Sur cette page, nous rassemblons quelques r\u00e9f\u00e9rences pour approfondir la th\u00e9matique du traitement de l&rsquo;information et du calcul quantique.<\/p>\n\n\n\n<p>Sur papier<\/p>\n\n\n\n<ul class=\"wp-block-list\">\n<li>M. A. Nielsen and I. L. Chuang, <em>Quantum Computation and Quantum Information: 10th Anniversary Edition<\/em>. Cambridge: Cambridge University Press, 2010. <\/li>\n\n\n\n<li>E. Desurvire, <em>Classical and Quantum Information Theory: An Introduction for the Telecom Scientist<\/em>. Cambridge: Cambridge University Press, 2009.<\/li>\n\n\n\n<li>M. M. Wilde, <em>Quantum Information Theory<\/em>, 2nd ed. Cambridge: Cambridge University Press, 2017.<\/li>\n<\/ul>\n\n\n\n<p>Sur le net<\/p>\n\n\n\n<ul class=\"wp-block-list\">\n<li>M. M. Wilde, <em>From Classical to Quantum Shannon Theory<\/em>, <a href=\"https:\/\/arxiv.org\/abs\/1106.1445\">arXiv:1106.1445<\/a><\/li>\n\n\n\n<li>Bestiaire algorithmique quantique : <a href=\"https:\/\/quantumalgorithmzoo.org\/\">https:\/\/quantumalgorithmzoo.org\/<\/a><\/li>\n<\/ul>\n","protected":false},"excerpt":{"rendered":"<p>Sur cette page, nous rassemblons quelques r\u00e9f\u00e9rences pour approfondir la th\u00e9matique du traitement de l&rsquo;information et du calcul quantique. Sur papier Sur le net<\/p>\n","protected":false},"author":1,"featured_media":0,"parent":0,"menu_order":0,"comment_status":"closed","ping_status":"closed","template":"","meta":{"footnotes":""},"class_list":["post-132","page","type-page","status-publish","hentry"],"jetpack_sharing_enabled":true,"_links":{"self":[{"href":"https:\/\/quanting.org\/index.php\/wp-json\/wp\/v2\/pages\/132","targetHints":{"allow":["GET"]}}],"collection":[{"href":"https:\/\/quanting.org\/index.php\/wp-json\/wp\/v2\/pages"}],"about":[{"href":"https:\/\/quanting.org\/index.php\/wp-json\/wp\/v2\/types\/page"}],"author":[{"embeddable":true,"href":"https:\/\/quanting.org\/index.php\/wp-json\/wp\/v2\/users\/1"}],"replies":[{"embeddable":true,"href":"https:\/\/quanting.org\/index.php\/wp-json\/wp\/v2\/comments?post=132"}],"version-history":[{"count":2,"href":"https:\/\/quanting.org\/index.php\/wp-json\/wp\/v2\/pages\/132\/revisions"}],"predecessor-version":[{"id":157,"href":"https:\/\/quanting.org\/index.php\/wp-json\/wp\/v2\/pages\/132\/revisions\/157"}],"wp:attachment":[{"href":"https:\/\/quanting.org\/index.php\/wp-json\/wp\/v2\/media?parent=132"}],"curies":[{"name":"wp","href":"https:\/\/api.w.org\/{rel}","templated":true}]}}